{"id":960,"date":"2024-02-28T21:38:29","date_gmt":"2024-02-28T20:38:29","guid":{"rendered":"https:\/\/www.nightline.ch\/public\/?page_id=960"},"modified":"2025-12-07T11:58:30","modified_gmt":"2025-12-07T10:58:30","slug":"imprint","status":"publish","type":"page","link":"https:\/\/www.nightline.ch\/public\/en\/imprint\/","title":{"rendered":"Imprint"},"content":{"rendered":"<p>Nightline Z\u00fcrich<br \/>\na Committee of VSETH (<a href=\"https:\/\/www.nightline.ch\/public\/wp-content\/uploads\/2022\/09\/22.13_Nightline.pdf\">bylaws<\/a>)<br \/>\nrepresented by: Josephine Mueller (President)<\/p>\n<h3>Address<\/h3>\n<p>Nightline Z\u00fcrich<br \/>\nVSETH<br \/>\nCAB<br \/>\nUniversit\u00e4tstrasse 6<br \/>\nCH-8092 Z\u00fcrich<\/p>\n<h3>Contact<\/h3>\n<p>044 633 77 77<br \/>\n<script type=\"text\/javascript\"><br \/>\ndocument.write(\"<a href=\\\"mailto\" + \":info\")\ndocument.write(\"@\" + \"nightline.ch\\\">info\");<br \/>\ndocument.write(\"@\" + \"nightline.ch\");<br \/>\ndocument.write(\"<\/a>\");<br \/>\n<\/script><noscript>info at nightline ch<\/noscript><\/p>\n","protected":false},"excerpt":{"rendered":"<p>Nightline Z\u00fcrich a Committee of VSETH (bylaws) represented by: Josephine Mueller (President) Address Nightline Z\u00fcrich VSETH CAB Universit\u00e4tstrasse 6 CH-8092 Z\u00fcrich Contact 044 633 77 77 info at nightline ch<\/p>\n","protected":false},"author":3,"featured_media":0,"parent":0,"menu_order":0,"comment_status":"closed","ping_status":"closed","template":"","meta":{"footnotes":""},"class_list":["post-960","page","type-page","status-publish","hentry"],"_links":{"self":[{"href":"https:\/\/www.nightline.ch\/public\/wp-json\/wp\/v2\/pages\/960","targetHints":{"allow":["GET"]}}],"collection":[{"href":"https:\/\/www.nightline.ch\/public\/wp-json\/wp\/v2\/pages"}],"about":[{"href":"https:\/\/www.nightline.ch\/public\/wp-json\/wp\/v2\/types\/page"}],"author":[{"embeddable":true,"href":"https:\/\/www.nightline.ch\/public\/wp-json\/wp\/v2\/users\/3"}],"replies":[{"embeddable":true,"href":"https:\/\/www.nightline.ch\/public\/wp-json\/wp\/v2\/comments?post=960"}],"version-history":[{"count":3,"href":"https:\/\/www.nightline.ch\/public\/wp-json\/wp\/v2\/pages\/960\/revisions"}],"predecessor-version":[{"id":1102,"href":"https:\/\/www.nightline.ch\/public\/wp-json\/wp\/v2\/pages\/960\/revisions\/1102"}],"wp:attachment":[{"href":"https:\/\/www.nightline.ch\/public\/wp-json\/wp\/v2\/media?parent=960"}],"curies":[{"name":"wp","href":"https:\/\/api.w.org\/{rel}","templated":true}]}}