{"id":4,"date":"2016-06-26T14:40:12","date_gmt":"2016-06-26T14:40:12","guid":{"rendered":"https:\/\/www.nightline.ch\/public\/?page_id=4"},"modified":"2025-11-09T20:22:01","modified_gmt":"2025-11-09T19:22:01","slug":"start","status":"publish","type":"page","link":"https:\/\/www.nightline.ch\/public\/de\/start\/","title":{"rendered":"Start"},"content":{"rendered":"\n<!--p style=\"background: #ffc7c7; border: solid 1px #dc143c; padding: 5px; color: #0A0505\">Aus technischen Gr\u00fcnden ist die Nightline Z\u00fcrich zurzeit nicht \u00fcber Telefon erreichbar. Wir sind t\u00e4glich f\u00fcr dich da von 20 bis 24 Uhr per <b>Chat und E-Mail<\/b>!<\/p-->\n\n\n\n<h3 class=\"wp-block-heading\">\u00dcber was kann ich sprechen?<\/h3>\n\n\n\n<p>Du kannst bei uns \u00fcber alles reden und schreiben, was dir gerade auf dem Herzen liegt. Egal, ob du nur kurz etwas loswerden m\u00f6chtest oder \u00fcber dir gerade die Welt zusammenbricht: Wir sind f\u00fcr dich da! Du kannst uns aber nat\u00fcrlich auch kontaktieren, wenn du eine studiumsbezogene oder anderweitige Frage hast oder bloss ein bisschen plaudern m\u00f6chtest.<\/p>\n\n\n\n<h3 class=\"wp-block-heading\">Wer kann anrufen?<\/h3>\n\n\n\n<p>Alle Studierende und Doktorierende der ETH und UZH sowie weiterer Hochschulen im Raum Z\u00fcrich, wie zum Beispiel der ZHAW, ZHdK oder PHZH k\u00f6nnen uns kontaktieren. Mitarbeitende der Hochschulen d\u00fcrfen ebenfalls anrufen und f\u00fcr Dozierende haben die Nightlinis auch ein offenes Ohr. Und falls sonst jemand anruft, ist das auch in Ordnung. Wir werden dich nicht nach deiner Legi-Nummer fragen. \ud83d\ude09<\/p>\n\n\n\n<h3 class=\"wp-block-heading\">Wer antwortet mir?<\/h3>\n\n\n\n<p>Dir wird ein Nightlini von den ca. 50 Studierenden antworten, die bei der Nightline Z\u00fcrich ehrenamtlich t\u00e4tig sind. Vielleicht ist es ein Biologiestudent oder eine angehende \u00c4rztin, eine zuk\u00fcnftige Maschinenbauerin oder ein baldiger Psychologe. Somit studieren sie alle selbst und kennen das Studentenleben mit all seinen H\u00f6hen und Tiefen aus eigener Erfahrung.<\/p>\n\n\n\n<p><a href=\"https:\/\/www.nightline.ch\/public\/de\/ueber-uns\/\">Erfahre mehr \u00fcber uns<\/a><\/p>\n\n\n\n<h3 class=\"wp-block-heading\">Ist die Nightline unabh\u00e4ngig?<\/h3>\n\n\n\n<p>Die Nightline Z\u00fcrich ist nicht nur vertraulich und anonym, sondern arbeitet auch unabh\u00e4ngig von institutionellen, konfessionellen sowie finanziellen Interessen.<\/p>\n","protected":false},"excerpt":{"rendered":"<p>\u00dcber was kann ich sprechen? Du kannst bei uns \u00fcber alles reden und schreiben, was dir gerade auf dem Herzen liegt. Egal, ob du nur kurz etwas loswerden m\u00f6chtest oder \u00fcber dir gerade die Welt zusammenbricht: Wir sind f\u00fcr dich da! Du kannst uns aber nat\u00fcrlich auch kontaktieren, wenn du eine studiumsbezogene oder anderweitige Frage [&hellip;]<\/p>\n","protected":false},"author":3,"featured_media":0,"parent":0,"menu_order":0,"comment_status":"closed","ping_status":"closed","template":"","meta":{"footnotes":""},"class_list":["post-4","page","type-page","status-publish","hentry"],"_links":{"self":[{"href":"https:\/\/www.nightline.ch\/public\/wp-json\/wp\/v2\/pages\/4","targetHints":{"allow":["GET"]}}],"collection":[{"href":"https:\/\/www.nightline.ch\/public\/wp-json\/wp\/v2\/pages"}],"about":[{"href":"https:\/\/www.nightline.ch\/public\/wp-json\/wp\/v2\/types\/page"}],"author":[{"embeddable":true,"href":"https:\/\/www.nightline.ch\/public\/wp-json\/wp\/v2\/users\/3"}],"replies":[{"embeddable":true,"href":"https:\/\/www.nightline.ch\/public\/wp-json\/wp\/v2\/comments?post=4"}],"version-history":[{"count":60,"href":"https:\/\/www.nightline.ch\/public\/wp-json\/wp\/v2\/pages\/4\/revisions"}],"predecessor-version":[{"id":1030,"href":"https:\/\/www.nightline.ch\/public\/wp-json\/wp\/v2\/pages\/4\/revisions\/1030"}],"wp:attachment":[{"href":"https:\/\/www.nightline.ch\/public\/wp-json\/wp\/v2\/media?parent=4"}],"curies":[{"name":"wp","href":"https:\/\/api.w.org\/{rel}","templated":true}]}}