{"id":38,"date":"2016-06-30T14:34:54","date_gmt":"2016-06-30T14:34:54","guid":{"rendered":"https:\/\/www.nightline.ch\/public\/?page_id=38"},"modified":"2025-10-09T21:29:25","modified_gmt":"2025-10-09T19:29:25","slug":"mitmachen","status":"publish","type":"page","link":"https:\/\/www.nightline.ch\/public\/de\/mitmachen\/","title":{"rendered":"Mitmachen"},"content":{"rendered":"<p>Wir freuen uns sehr \u00fcber dein Interesse! Wenn du gerne bei der Nightline mithelfen m\u00f6chtest, meldest du dich am besten \u00fcber das Formular rechts bei uns.<\/p>\n<p class=\"p1\"><strong>Grunds\u00e4tzliche Anforderungen:<\/strong><\/p>\n<ul>\n<li>Du verstehst Hochdeutsch (schriftlich und m\u00fcndlich) und Schweizerdeutsch (m\u00fcndlich)<\/li>\n<li>Du kannst\u00a0fliessend Hochdeutsch\u00a0sprechen\u00a0und schreiben<\/li>\n<li>Du bist Mitglied im VSETH, VSUZH oder einer \u00e4quivalenten Studentenvertretung<\/li>\n<\/ul>\n<h3>Menschen helfen macht zufrieden<\/h3>\n<p>Du kannst mit deiner Zeit und mit deinem Wissen anderen Studierenden helfen.<\/p>\n<h3>Bei der Nightline lernt man etwas wichtiges<\/h3>\n<div class=\"wrapper indent-bot\">\n<div class=\"extra-wrap\">Du lernst in einem zweit\u00e4gigen Gespr\u00e4chsf\u00fchrungskurs wie man richtig zuh\u00f6rt.<\/div>\n<h3 class=\"extra-wrap\">Bei der Nightline erlebt man etwas<\/h3>\n<\/div>\n<div class=\"wrapper\">\n<div class=\"extra-wrap\">\n<p class=\"p1\">Du sammelst neue Erfahrungen auf die du im sp\u00e4teren Leben gut zur\u00fcckgreifen kannst.<\/p>\n<h3>Werde Vorstandsmitglied<\/h3>\n<p>Aktuell suchen wir nach neuen Vorstandsmitgliedern f\u00fcr folgende Posten:<\/p>\n<ul>\n<li>Events: Organisiere interne Events und Treffen zur St\u00e4rkung des Team-Zusammenhalts und Soziallebens unter den Freiwilligen.<\/li>\n<li>Aussenkontakte: Repr\u00e4sentiere uns gegen\u00fcber anderen Nightlines, Studierendenvereinen und anderen Organisation, die sich f\u00fcr die psychische Gesundheit von Studierenden einsetzen.<\/li>\n<\/ul>\n<p><a href=\"https:\/\/www.nightline.ch\/public\/de\/kontakt\/\">Kontaktiere uns<\/a>, wenn du mehr \u00fcber die spezifischen Posten oder die Vorstandsarbeit im Allgemeinen erfahren m\u00f6chtest.<\/p>\n<\/div>\n<\/div>\n<div id=\"frill\" style=\"display: none;\">\u00a0<\/div>\n<div id=\"frill\" style=\"display: none;\">\u00a0<\/div>\n<div id=\"frill\" style=\"display: none;\">\u00a0<\/div>\n<div id=\"frill\" style=\"display: none;\">\u00a0<\/div>\n<div id=\"frill\" style=\"display: none;\">\u00a0<\/div>\n\n\n<p><\/p>\n","protected":false},"excerpt":{"rendered":"<p>Wir freuen uns sehr \u00fcber dein Interesse! Wenn du gerne bei der Nightline mithelfen m\u00f6chtest, meldest du dich am besten \u00fcber das Formular rechts bei uns. Grunds\u00e4tzliche Anforderungen: Du verstehst Hochdeutsch (schriftlich und m\u00fcndlich) und Schweizerdeutsch (m\u00fcndlich) Du kannst\u00a0fliessend Hochdeutsch\u00a0sprechen\u00a0und schreiben Du bist Mitglied im VSETH, VSUZH oder einer \u00e4quivalenten Studentenvertretung Menschen helfen macht zufrieden [&hellip;]<\/p>\n","protected":false},"author":3,"featured_media":0,"parent":0,"menu_order":0,"comment_status":"closed","ping_status":"closed","template":"page-join.php","meta":{"footnotes":""},"class_list":["post-38","page","type-page","status-publish","hentry"],"_links":{"self":[{"href":"https:\/\/www.nightline.ch\/public\/wp-json\/wp\/v2\/pages\/38","targetHints":{"allow":["GET"]}}],"collection":[{"href":"https:\/\/www.nightline.ch\/public\/wp-json\/wp\/v2\/pages"}],"about":[{"href":"https:\/\/www.nightline.ch\/public\/wp-json\/wp\/v2\/types\/page"}],"author":[{"embeddable":true,"href":"https:\/\/www.nightline.ch\/public\/wp-json\/wp\/v2\/users\/3"}],"replies":[{"embeddable":true,"href":"https:\/\/www.nightline.ch\/public\/wp-json\/wp\/v2\/comments?post=38"}],"version-history":[{"count":72,"href":"https:\/\/www.nightline.ch\/public\/wp-json\/wp\/v2\/pages\/38\/revisions"}],"predecessor-version":[{"id":1089,"href":"https:\/\/www.nightline.ch\/public\/wp-json\/wp\/v2\/pages\/38\/revisions\/1089"}],"wp:attachment":[{"href":"https:\/\/www.nightline.ch\/public\/wp-json\/wp\/v2\/media?parent=38"}],"curies":[{"name":"wp","href":"https:\/\/api.w.org\/{rel}","templated":true}]}}