{"id":17,"date":"2016-06-26T15:39:58","date_gmt":"2016-06-26T15:39:58","guid":{"rendered":"https:\/\/www.nightline.ch\/public\/?page_id=17"},"modified":"2026-04-26T21:22:28","modified_gmt":"2026-04-26T19:22:28","slug":"ueber-uns","status":"publish","type":"page","link":"https:\/\/www.nightline.ch\/public\/de\/ueber-uns\/","title":{"rendered":"\u00dcber uns"},"content":{"rendered":"<h3><strong>Was ist die Nightline Z\u00fcrich?<\/strong><\/h3>\n<p>Die Nightline Z\u00fcrich ist eine unabh\u00e4ngige Anlaufstelle von Studierenden f\u00fcr Studierende der ETH und Universit\u00e4t Z\u00fcrich sowie weiterer Hochschulen im Raum Z\u00fcrich. Sie bietet einen vertraulichen und anonymen Zuh\u00f6r- und Informationsdienst.<\/p>\n<p>Die Nightline wurde 2005 von Studierenden der ETH und UZH ins Leben gerufen und ist eine Kommission des VSETH und VSUZH.<\/p>\n<h3><strong>Was bietet die Nightline Z\u00fcrich?<\/strong><\/h3>\n<p>Wir sind f\u00fcr dich da \u2013 egal was ist!\u00a0Alltagssorgen, Pr\u00fcfungsstress oder einfach planlos? Wir h\u00f6ren dir zu und geben Infos rund ums Studium. Bei\u00a0Bedarf verweisen wir auch an entsprechende Fachstellen.<\/p>\n<p>Bis in die sp\u00e4ten Abendstunden bieten wir dir ein offenes Ohr: Wenn\u00a0belastende Gef\u00fchle und \u00c4ngste erfahrungsgem\u00e4ss besonders dr\u00e4ngend werden und andere Gespr\u00e4chspartner oder Fachstellen nicht erreichbar sind. Bei uns kannst du\u00a0frei \u00fcber das reden, was dich\u00a0gerade besch\u00e4ftigt.<\/p>\n<h3><strong>Wer ist bei der Nightline Z\u00fcrich t\u00e4tig?<\/strong><\/h3>\n<p>Die Nightline wird gef\u00fchrt von ehrenamtlich engagierten Studierenden verschiedenster Z\u00fcrcher Hochschulen, Fachrichtungen und Semester. Aktuell sind bei der Nightline rund 50 Studierende der ETH und UZH und ZHAW t\u00e4tig. Alle bei der Nightline t\u00e4tigen Personen studieren selbst und kennen somit das Studentenleben aus eigener Erfahrung.<\/p>\n<p><a href=\"https:\/\/www.nightline.ch\/public\/de\/mitmachen\/\">Engagiere dich<\/a><\/p>\n<h3>Was macht der Vorstand?<\/h3>\n<p>Der Vorstand k\u00fcmmert sich um alles Organisatorische in der Nightline. Dazu geh\u00f6rt die Werbung, Schulung, Schichteinteilung oder die Vertretung in der \u00d6ffentlichkeit. Aus diesem Grund \u00fcbernimmt der ganze Vorstand keine Schichten. Der Vorstand besteht aus:<\/p>\n<p>\u00a0<\/p>\n<table>\n<tbody>\n<tr>\n<td width=\"33%\">Josie:<\/td>\n<td width=\"33%\">\n<p>Co-Pr\u00e4sidium<\/p>\n<\/td>\n<\/tr>\n<tr>\n<td width=\"33%\">\n<p>Lynn:<\/p>\n<\/td>\n<td width=\"33%\">\n<p>Co-Pr\u00e4sidium<\/p>\n<\/td>\n<\/tr>\n<tr>\n<td width=\"33%\">\n<p>Evelyn:<\/p>\n<\/td>\n<td width=\"33%\">\n<p>Events<\/p>\n<\/td>\n<\/tr>\n<tr>\n<td width=\"33%\">\n<p>Ida:<\/p>\n<\/td>\n<td width=\"33%\">\n<p>Finanzen<\/p>\n<\/td>\n<\/tr>\n<tr>\n<td width=\"33%\">\n<p>Bethany:<\/p>\n<\/td>\n<td width=\"33%\">\n<p>Schulung<\/p>\n<\/td>\n<\/tr>\n<tr>\n<td width=\"33%\">\n<p>Medea:<\/p>\n<\/td>\n<td width=\"33%\">\n<p>Rekrutierung<\/p>\n<\/td>\n<\/tr>\n<tr>\n<td width=\"33%\">\n<p>Helena:<\/p>\n<\/td>\n<td width=\"33%\">\n<p>B\u00fcro<\/p>\n<\/td>\n<\/tr>\n<tr>\n<td width=\"33%\">\n<p>Selin:<\/p>\n<\/td>\n<td width=\"33%\">\n<p>Technik &amp; IT<\/p>\n<\/td>\n<\/tr>\n<tr>\n<td width=\"33%\">\n<p>Gabriel:<\/p>\n<\/td>\n<td width=\"33%\">\n<p>Technik &amp; IT<\/p>\n<\/td>\n<\/tr>\n<tr>\n<td width=\"33%\">\n<p>Anna:<\/p>\n<\/td>\n<td width=\"33%\">\n<p>Werbung &amp; Gestaltung<\/p>\n<\/td>\n<\/tr>\n<tr>\n<td width=\"33%\">\n<p>Laetitia:<\/p>\n<\/td>\n<td width=\"33%\">\n<p>Werbung &amp; Gestaltung<\/p>\n<\/td>\n<\/tr>\n<tr>\n<td width=\"33%\">\n<p>Nils:<\/p>\n<\/td>\n<td width=\"33%\">\n<p>Schichtenplanung<\/p>\n<\/td>\n<\/tr>\n<tr>\n<td width=\"33%\">\n<p>Sara:<\/p>\n<\/td>\n<td width=\"33%\">\n<p>Mailcoach<\/p>\n<\/td>\n<\/tr>\n<tr>\n<td width=\"33%\">\u00a0<\/td>\n<td width=\"33%\">\u00a0<\/td>\n<\/tr>\n<\/tbody>\n<\/table>\n<h3><strong>Wie finanziert sich die Nightline?<\/strong><\/h3>\n<p>Die Nightline Z\u00fcrich wird als Kommission des VSETH in erster Linie durch den VSETH finanziert. Dar\u00fcber hinaus wird die Nightline vom VSUZH sowie von der ETH und Universit\u00e4t Z\u00fcrich finanziell unterst\u00fctzt. Seit 2016 wird die Nightline zus\u00e4tzlich durch den Alias (ehemals VSZHAW) unterst\u00fctzt.<\/p>\n<h3><strong>Wo liegen die Grenzen des Angebots der Nightline Z\u00fcrich?<\/strong><\/h3>\n<p>Die Nightline toleriert keine beleidigenden, abwertenden, sexuell bel\u00e4stigenden, diskriminierenden oder bedrohenden \u00c4usserungen gegen\u00fcber ihren Freiwilligen oder Dritten. Sie beh\u00e4lt sich das Recht vor, in solchen F\u00e4llen den Kontakt abzubrechen. Wiederholter Missbrauch des Angebots kann zu einer Sperrung der Nutzenden oder Anzeige bei der Polizei f\u00fchren.<\/p>\n<p><a href=\"https:\/\/www.nightline.ch\/public\/de\/nutzungsbedingungen\/\">Nutzungsbedingungen<\/a><\/p>\n\n\n<p><\/p>\n","protected":false},"excerpt":{"rendered":"<p>Was ist die Nightline Z\u00fcrich? Die Nightline Z\u00fcrich ist eine unabh\u00e4ngige Anlaufstelle von Studierenden f\u00fcr Studierende der ETH und Universit\u00e4t Z\u00fcrich sowie weiterer Hochschulen im Raum Z\u00fcrich. Sie bietet einen vertraulichen und anonymen Zuh\u00f6r- und Informationsdienst. Die Nightline wurde 2005 von Studierenden der ETH und UZH ins Leben gerufen und ist eine Kommission des VSETH [&hellip;]<\/p>\n","protected":false},"author":3,"featured_media":0,"parent":0,"menu_order":0,"comment_status":"closed","ping_status":"closed","template":"","meta":{"footnotes":""},"class_list":["post-17","page","type-page","status-publish","hentry"],"_links":{"self":[{"href":"https:\/\/www.nightline.ch\/public\/wp-json\/wp\/v2\/pages\/17","targetHints":{"allow":["GET"]}}],"collection":[{"href":"https:\/\/www.nightline.ch\/public\/wp-json\/wp\/v2\/pages"}],"about":[{"href":"https:\/\/www.nightline.ch\/public\/wp-json\/wp\/v2\/types\/page"}],"author":[{"embeddable":true,"href":"https:\/\/www.nightline.ch\/public\/wp-json\/wp\/v2\/users\/3"}],"replies":[{"embeddable":true,"href":"https:\/\/www.nightline.ch\/public\/wp-json\/wp\/v2\/comments?post=17"}],"version-history":[{"count":195,"href":"https:\/\/www.nightline.ch\/public\/wp-json\/wp\/v2\/pages\/17\/revisions"}],"predecessor-version":[{"id":1129,"href":"https:\/\/www.nightline.ch\/public\/wp-json\/wp\/v2\/pages\/17\/revisions\/1129"}],"wp:attachment":[{"href":"https:\/\/www.nightline.ch\/public\/wp-json\/wp\/v2\/media?parent=17"}],"curies":[{"name":"wp","href":"https:\/\/api.w.org\/{rel}","templated":true}]}}